{"id":454975,"date":"2024-06-06T15:52:25","date_gmt":"2024-06-06T13:52:25","guid":{"rendered":"https:\/\/www.clickandbuyauto.fr\/?page_id=454975"},"modified":"2024-06-06T15:53:36","modified_gmt":"2024-06-06T13:53:36","slug":"confirmation","status":"publish","type":"page","link":"https:\/\/automobile1.cloud1.sbg.meosis.fr\/clickandbuyauto\/confirmation.html","title":{"rendered":"Confirmation"},"content":{"rendered":"\t\t<div data-elementor-type=\"wp-page\" data-elementor-id=\"454975\" class=\"elementor elementor-454975\" data-elementor-post-type=\"page\">\n\t\t\t\t\t\t<section class=\"elementor-section elementor-top-section elementor-element elementor-element-4d6b2de elementor-section-boxed elementor-section-height-default elementor-section-height-default\" data-id=\"4d6b2de\" data-element_type=\"section\">\n\t\t\t\t\t\t<div class=\"elementor-container elementor-column-gap-default\">\n\t\t\t\t\t<div class=\"elementor-column elementor-col-100 elementor-top-column elementor-element elementor-element-a3b01b1\" data-id=\"a3b01b1\" data-element_type=\"column\">\n\t\t\t<div class=\"elementor-widget-wrap elementor-element-populated\">\n\t\t\t\t\t\t<div class=\"elementor-element elementor-element-c7e3785 elementor-widget elementor-widget-spacer\" data-id=\"c7e3785\" data-element_type=\"widget\" data-widget_type=\"spacer.default\">\n\t\t\t\t<div class=\"elementor-widget-container\">\n\t\t\t\t\t<div class=\"elementor-spacer\">\n\t\t\t<div class=\"elementor-spacer-inner\"><\/div>\n\t\t<\/div>\n\t\t\t\t<\/div>\n\t\t\t\t<\/div>\n\t\t\t\t<div class=\"elementor-element elementor-element-c47d454 elementor-align-center elementor-widget elementor-widget-lottie\" data-id=\"c47d454\" data-element_type=\"widget\" data-settings=\"{&quot;source&quot;:&quot;external_url&quot;,&quot;source_external_url&quot;:{&quot;url&quot;:&quot;https:\\\/\\\/lottie.host\\\/6985fe2b-31a7-4b70-9818-b0e2a48c5dbb\\\/RCNoOOhDUJ.json&quot;,&quot;is_external&quot;:&quot;&quot;,&quot;nofollow&quot;:&quot;&quot;,&quot;custom_attributes&quot;:&quot;&quot;},&quot;link_to&quot;:&quot;none&quot;,&quot;trigger&quot;:&quot;arriving_to_viewport&quot;,&quot;viewport&quot;:{&quot;unit&quot;:&quot;%&quot;,&quot;size&quot;:&quot;&quot;,&quot;sizes&quot;:{&quot;start&quot;:0,&quot;end&quot;:100}},&quot;play_speed&quot;:{&quot;unit&quot;:&quot;px&quot;,&quot;size&quot;:1,&quot;sizes&quot;:[]},&quot;start_point&quot;:{&quot;unit&quot;:&quot;%&quot;,&quot;size&quot;:0,&quot;sizes&quot;:[]},&quot;end_point&quot;:{&quot;unit&quot;:&quot;%&quot;,&quot;size&quot;:100,&quot;sizes&quot;:[]},&quot;renderer&quot;:&quot;svg&quot;}\" data-widget_type=\"lottie.default\">\n\t\t\t\t<div class=\"elementor-widget-container\">\n\t\t\t<div class=\"e-lottie__container\"><div class=\"e-lottie__animation\"><\/div><\/div>\t\t<\/div>\n\t\t\t\t<\/div>\n\t\t\t\t<div class=\"elementor-element elementor-element-5e41c2b elementor-widget elementor-widget-heading\" data-id=\"5e41c2b\" data-element_type=\"widget\" data-widget_type=\"heading.default\">\n\t\t\t\t<div class=\"elementor-widget-container\">\n\t\t\t<h2 class=\"elementor-heading-title elementor-size-default\">Merci !<\/h2>\t\t<\/div>\n\t\t\t\t<\/div>\n\t\t\t\t<div class=\"elementor-element elementor-element-aff1e46 elementor-widget elementor-widget-text-editor\" data-id=\"aff1e46\" data-element_type=\"widget\" data-widget_type=\"text-editor.default\">\n\t\t\t\t<div class=\"elementor-widget-container\">\n\t\t\t\t\t\t\t<p>Votre demande a bien \u00e9t\u00e9 envoy\u00e9, nous recevrez une confirmation par e-mail sous peu.<\/p>\t\t\t\t\t\t<\/div>\n\t\t\t\t<\/div>\n\t\t\t\t<div class=\"elementor-element elementor-element-bf24ba9 elementor-align-center elementor-mobile-align-center elementor-widget elementor-widget-button\" data-id=\"bf24ba9\" data-element_type=\"widget\" data-widget_type=\"button.default\">\n\t\t\t\t<div class=\"elementor-widget-container\">\n\t\t\t\t\t\t\t<div class=\"elementor-button-wrapper\">\n\t\t\t\t\t<a class=\"elementor-button elementor-button-link elementor-size-sm\" href=\"https:\/\/www.clickandbuyauto.fr\/nos-services\/service-carte-grise-en-ligne.html\">\n\t\t\t\t\t\t<span class=\"elementor-button-content-wrapper\">\n\t\t\t\t\t\t\t\t\t<span class=\"elementor-button-text\">Aller \u00e0 l'accueil<\/span>\n\t\t\t\t\t<\/span>\n\t\t\t\t\t<\/a>\n\t\t\t\t<\/div>\n\t\t\t\t\t\t<\/div>\n\t\t\t\t<\/div>\n\t\t\t\t<div class=\"elementor-element elementor-element-897aa73 elementor-widget elementor-widget-spacer\" data-id=\"897aa73\" data-element_type=\"widget\" data-widget_type=\"spacer.default\">\n\t\t\t\t<div class=\"elementor-widget-container\">\n\t\t\t\t\t<div class=\"elementor-spacer\">\n\t\t\t<div class=\"elementor-spacer-inner\"><\/div>\n\t\t<\/div>\n\t\t\t\t<\/div>\n\t\t\t\t<\/div>\n\t\t\t\t\t<\/div>\n\t\t<\/div>\n\t\t\t\t\t<\/div>\n\t\t<\/section>\n\t\t\t\t<\/div>\n\t\t","protected":false},"excerpt":{"rendered":"<p>Merci ! Votre demande a bien \u00e9t\u00e9 envoy\u00e9, nous recevrez une confirmation par e-mail sous peu. Aller \u00e0 l&rsquo;accueil<\/p>\n","protected":false},"author":2,"featured_media":0,"parent":0,"menu_order":0,"comment_status":"closed","ping_status":"closed","template":"","meta":{"footnotes":""},"class_list":["post-454975","page","type-page","status-publish","hentry"],"yoast_head":"<!-- This site is optimized with the Yoast SEO plugin v26.0 - https:\/\/yoast.com\/wordpress\/plugins\/seo\/ -->\n<title>Confirmation \u203a Click&amp;buyAuto<\/title>\n<meta name=\"description\" content=\"Merci !   Votre demande a bien \u00e9t\u00e9 envoy\u00e9, nous recevrez une confirmation par e-mail sous peu.        Aller \u00e0 l&#039;accueil\" \/>\n<meta name=\"robots\" content=\"index, follow, max-snippet:-1, max-image-preview:large, max-video-preview:-1\" \/>\n<link rel=\"canonical\" href=\"https:\/\/automobile1.cloud1.sbg.meosis.fr\/clickandbuyauto\/confirmation.html\" \/>\n<meta property=\"og:locale\" content=\"fr_FR\" \/>\n<meta property=\"og:type\" content=\"article\" \/>\n<meta property=\"og:title\" content=\"Confirmation \u203a Click&amp;buyAuto\" \/>\n<meta property=\"og:description\" content=\"Merci !   Votre demande a bien \u00e9t\u00e9 envoy\u00e9, nous recevrez une confirmation par e-mail sous peu.        Aller \u00e0 l&#039;accueil\" \/>\n<meta property=\"og:url\" content=\"https:\/\/automobile1.cloud1.sbg.meosis.fr\/clickandbuyauto\/confirmation.html\" \/>\n<meta property=\"og:site_name\" content=\"ClickAndBuyAuto: Achat et vente de voitures et reprise cash\" \/>\n<meta property=\"article:modified_time\" content=\"2024-06-06T13:53:36+00:00\" \/>\n<meta name=\"twitter:card\" content=\"summary_large_image\" \/>\n<script type=\"application\/ld+json\" class=\"yoast-schema-graph\">{\"@context\":\"https:\/\/schema.org\",\"@graph\":[{\"@type\":\"WebPage\",\"@id\":\"https:\/\/automobile1.cloud1.sbg.meosis.fr\/clickandbuyauto\/confirmation.html\",\"url\":\"https:\/\/automobile1.cloud1.sbg.meosis.fr\/clickandbuyauto\/confirmation.html\",\"name\":\"Confirmation \u203a Click&buyAuto\",\"isPartOf\":{\"@id\":\"https:\/\/automobile1.cloud1.sbg.meosis.fr\/clickandbuyauto\/#website\"},\"datePublished\":\"2024-06-06T13:52:25+00:00\",\"dateModified\":\"2024-06-06T13:53:36+00:00\",\"description\":\"Merci ! Votre demande a bien \u00e9t\u00e9 envoy\u00e9, nous recevrez une confirmation par e-mail sous peu. Aller \u00e0 l'accueil\",\"breadcrumb\":{\"@id\":\"https:\/\/automobile1.cloud1.sbg.meosis.fr\/clickandbuyauto\/confirmation.html#breadcrumb\"},\"inLanguage\":\"fr-FR\",\"potentialAction\":[{\"@type\":\"ReadAction\",\"target\":[\"https:\/\/automobile1.cloud1.sbg.meosis.fr\/clickandbuyauto\/confirmation.html\"]}]},{\"@type\":\"BreadcrumbList\",\"@id\":\"https:\/\/automobile1.cloud1.sbg.meosis.fr\/clickandbuyauto\/confirmation.html#breadcrumb\",\"itemListElement\":[{\"@type\":\"ListItem\",\"position\":1,\"name\":\"Accueil\",\"item\":\"https:\/\/automobile1.cloud1.sbg.meosis.fr\/clickandbuyauto\/\"},{\"@type\":\"ListItem\",\"position\":2,\"name\":\"Confirmation\"}]},{\"@type\":\"WebSite\",\"@id\":\"https:\/\/automobile1.cloud1.sbg.meosis.fr\/clickandbuyauto\/#website\",\"url\":\"https:\/\/automobile1.cloud1.sbg.meosis.fr\/clickandbuyauto\/\",\"name\":\"ClickAndBuyAuto: Achat et vente de voitures et reprise cash\",\"description\":\"Franchise automobile sp\u00e9cialiste de la vente de v\u00e9hicules neufs et occasions\",\"publisher\":{\"@id\":\"https:\/\/automobile1.cloud1.sbg.meosis.fr\/clickandbuyauto\/#organization\"},\"potentialAction\":[{\"@type\":\"SearchAction\",\"target\":{\"@type\":\"EntryPoint\",\"urlTemplate\":\"https:\/\/automobile1.cloud1.sbg.meosis.fr\/clickandbuyauto\/?s={search_term_string}\"},\"query-input\":{\"@type\":\"PropertyValueSpecification\",\"valueRequired\":true,\"valueName\":\"search_term_string\"}}],\"inLanguage\":\"fr-FR\"},{\"@type\":\"Organization\",\"@id\":\"https:\/\/automobile1.cloud1.sbg.meosis.fr\/clickandbuyauto\/#organization\",\"name\":\"Click and Buy Auto\",\"url\":\"https:\/\/automobile1.cloud1.sbg.meosis.fr\/clickandbuyauto\/\",\"logo\":{\"@type\":\"ImageObject\",\"inLanguage\":\"fr-FR\",\"@id\":\"https:\/\/automobile1.cloud1.sbg.meosis.fr\/clickandbuyauto\/#\/schema\/logo\/image\/\",\"url\":\"https:\/\/www.clickandbuyauto.fr\/wp-content\/uploads\/sites\/2\/2023\/02\/large-Copie.png\",\"contentUrl\":\"https:\/\/www.clickandbuyauto.fr\/wp-content\/uploads\/sites\/2\/2023\/02\/large-Copie.png\",\"width\":5000,\"height\":5000,\"caption\":\"Click and Buy Auto\"},\"image\":{\"@id\":\"https:\/\/automobile1.cloud1.sbg.meosis.fr\/clickandbuyauto\/#\/schema\/logo\/image\/\"}}]}<\/script>\n<!-- \/ Yoast SEO plugin. -->","yoast_head_json":{"title":"Confirmation \u203a Click&buyAuto","description":"Merci !   Votre demande a bien \u00e9t\u00e9 envoy\u00e9, nous recevrez une confirmation par e-mail sous peu.        Aller \u00e0 l'accueil","robots":{"index":"index","follow":"follow","max-snippet":"max-snippet:-1","max-image-preview":"max-image-preview:large","max-video-preview":"max-video-preview:-1"},"canonical":"https:\/\/automobile1.cloud1.sbg.meosis.fr\/clickandbuyauto\/confirmation.html","og_locale":"fr_FR","og_type":"article","og_title":"Confirmation \u203a Click&buyAuto","og_description":"Merci !   Votre demande a bien \u00e9t\u00e9 envoy\u00e9, nous recevrez une confirmation par e-mail sous peu.        Aller \u00e0 l'accueil","og_url":"https:\/\/automobile1.cloud1.sbg.meosis.fr\/clickandbuyauto\/confirmation.html","og_site_name":"ClickAndBuyAuto: Achat et vente de voitures et reprise cash","article_modified_time":"2024-06-06T13:53:36+00:00","twitter_card":"summary_large_image","schema":{"@context":"https:\/\/schema.org","@graph":[{"@type":"WebPage","@id":"https:\/\/automobile1.cloud1.sbg.meosis.fr\/clickandbuyauto\/confirmation.html","url":"https:\/\/automobile1.cloud1.sbg.meosis.fr\/clickandbuyauto\/confirmation.html","name":"Confirmation \u203a Click&buyAuto","isPartOf":{"@id":"https:\/\/automobile1.cloud1.sbg.meosis.fr\/clickandbuyauto\/#website"},"datePublished":"2024-06-06T13:52:25+00:00","dateModified":"2024-06-06T13:53:36+00:00","description":"Merci ! Votre demande a bien \u00e9t\u00e9 envoy\u00e9, nous recevrez une confirmation par e-mail sous peu. Aller \u00e0 l'accueil","breadcrumb":{"@id":"https:\/\/automobile1.cloud1.sbg.meosis.fr\/clickandbuyauto\/confirmation.html#breadcrumb"},"inLanguage":"fr-FR","potentialAction":[{"@type":"ReadAction","target":["https:\/\/automobile1.cloud1.sbg.meosis.fr\/clickandbuyauto\/confirmation.html"]}]},{"@type":"BreadcrumbList","@id":"https:\/\/automobile1.cloud1.sbg.meosis.fr\/clickandbuyauto\/confirmation.html#breadcrumb","itemListElement":[{"@type":"ListItem","position":1,"name":"Accueil","item":"https:\/\/automobile1.cloud1.sbg.meosis.fr\/clickandbuyauto\/"},{"@type":"ListItem","position":2,"name":"Confirmation"}]},{"@type":"WebSite","@id":"https:\/\/automobile1.cloud1.sbg.meosis.fr\/clickandbuyauto\/#website","url":"https:\/\/automobile1.cloud1.sbg.meosis.fr\/clickandbuyauto\/","name":"ClickAndBuyAuto: Achat et vente de voitures et reprise cash","description":"Franchise automobile sp\u00e9cialiste de la vente de v\u00e9hicules neufs et occasions","publisher":{"@id":"https:\/\/automobile1.cloud1.sbg.meosis.fr\/clickandbuyauto\/#organization"},"potentialAction":[{"@type":"SearchAction","target":{"@type":"EntryPoint","urlTemplate":"https:\/\/automobile1.cloud1.sbg.meosis.fr\/clickandbuyauto\/?s={search_term_string}"},"query-input":{"@type":"PropertyValueSpecification","valueRequired":true,"valueName":"search_term_string"}}],"inLanguage":"fr-FR"},{"@type":"Organization","@id":"https:\/\/automobile1.cloud1.sbg.meosis.fr\/clickandbuyauto\/#organization","name":"Click and Buy Auto","url":"https:\/\/automobile1.cloud1.sbg.meosis.fr\/clickandbuyauto\/","logo":{"@type":"ImageObject","inLanguage":"fr-FR","@id":"https:\/\/automobile1.cloud1.sbg.meosis.fr\/clickandbuyauto\/#\/schema\/logo\/image\/","url":"https:\/\/www.clickandbuyauto.fr\/wp-content\/uploads\/sites\/2\/2023\/02\/large-Copie.png","contentUrl":"https:\/\/www.clickandbuyauto.fr\/wp-content\/uploads\/sites\/2\/2023\/02\/large-Copie.png","width":5000,"height":5000,"caption":"Click and Buy Auto"},"image":{"@id":"https:\/\/automobile1.cloud1.sbg.meosis.fr\/clickandbuyauto\/#\/schema\/logo\/image\/"}}]}},"_links":{"self":[{"href":"https:\/\/automobile1.cloud1.sbg.meosis.fr\/clickandbuyauto\/wp-json\/wp\/v2\/pages\/454975","targetHints":{"allow":["GET"]}}],"collection":[{"href":"https:\/\/automobile1.cloud1.sbg.meosis.fr\/clickandbuyauto\/wp-json\/wp\/v2\/pages"}],"about":[{"href":"https:\/\/automobile1.cloud1.sbg.meosis.fr\/clickandbuyauto\/wp-json\/wp\/v2\/types\/page"}],"author":[{"embeddable":true,"href":"https:\/\/automobile1.cloud1.sbg.meosis.fr\/clickandbuyauto\/wp-json\/wp\/v2\/users\/2"}],"replies":[{"embeddable":true,"href":"https:\/\/automobile1.cloud1.sbg.meosis.fr\/clickandbuyauto\/wp-json\/wp\/v2\/comments?post=454975"}],"version-history":[{"count":0,"href":"https:\/\/automobile1.cloud1.sbg.meosis.fr\/clickandbuyauto\/wp-json\/wp\/v2\/pages\/454975\/revisions"}],"wp:attachment":[{"href":"https:\/\/automobile1.cloud1.sbg.meosis.fr\/clickandbuyauto\/wp-json\/wp\/v2\/media?parent=454975"}],"curies":[{"name":"wp","href":"https:\/\/api.w.org\/{rel}","templated":true}]}}