{"id":405349,"date":"2023-11-20T11:16:15","date_gmt":"2023-11-20T10:16:15","guid":{"rendered":"https:\/\/www.clickandbuyauto.fr\/?page_id=405349"},"modified":"2024-07-04T10:42:26","modified_gmt":"2024-07-04T08:42:26","slug":"hyeres","status":"publish","type":"page","link":"https:\/\/automobile1.cloud1.sbg.meosis.fr\/clickandbuyauto\/hyeres.html","title":{"rendered":"Hy\u00e8res"},"content":{"rendered":"\t\t<div data-elementor-type=\"wp-page\" data-elementor-id=\"405349\" class=\"elementor elementor-405349\" data-elementor-post-type=\"page\">\n\t\t\t\t\t\t<section class=\"elementor-section elementor-top-section elementor-element elementor-element-4f40687 elementor-section-boxed elementor-section-height-default elementor-section-height-default\" data-id=\"4f40687\" data-element_type=\"section\" data-settings=\"{&quot;background_background&quot;:&quot;classic&quot;}\">\n\t\t\t\t\t\t<div class=\"elementor-container elementor-column-gap-default\">\n\t\t\t\t\t<div class=\"elementor-column elementor-col-100 elementor-top-column elementor-element elementor-element-4799e04\" data-id=\"4799e04\" data-element_type=\"column\">\n\t\t\t<div class=\"elementor-widget-wrap elementor-element-populated\">\n\t\t\t\t\t\t<section class=\"elementor-section elementor-inner-section elementor-element elementor-element-c4f5b99 elementor-section-boxed elementor-section-height-default elementor-section-height-default\" data-id=\"c4f5b99\" data-element_type=\"section\">\n\t\t\t\t\t\t<div class=\"elementor-container elementor-column-gap-default\">\n\t\t\t\t\t<div class=\"elementor-column elementor-col-50 elementor-inner-column elementor-element elementor-element-0191350\" data-id=\"0191350\" data-element_type=\"column\">\n\t\t\t<div class=\"elementor-widget-wrap elementor-element-populated\">\n\t\t\t\t\t\t<div class=\"elementor-element elementor-element-329f9be elementor-widget elementor-widget-text-editor\" data-id=\"329f9be\" data-element_type=\"widget\" data-widget_type=\"text-editor.default\">\n\t\t\t\t<div class=\"elementor-widget-container\">\n\t\t\t\t\t\t\t<p style=\"text-align: center\"><span style=\"font-size: 24pt\"><strong><span style=\"color: #ffffff\">Agence ClickAndBuyAuto<\/span><\/strong><\/span><\/p><p style=\"text-align: center\"><span style=\"font-size: 36pt\"><strong style=\"color: var( --e-global-color-5f04642 )\"><span style=\"color: #ff0000\">Hy\u00e8res<\/span><\/strong><\/span><\/p>\t\t\t\t\t\t<\/div>\n\t\t\t\t<\/div>\n\t\t\t\t\t<\/div>\n\t\t<\/div>\n\t\t\t\t<div class=\"elementor-column elementor-col-50 elementor-inner-column elementor-element elementor-element-4e74c4f\" data-id=\"4e74c4f\" data-element_type=\"column\">\n\t\t\t<div class=\"elementor-widget-wrap elementor-element-populated\">\n\t\t\t\t\t\t<div class=\"elementor-element elementor-element-c282a37 elementor-countdown--label-block elementor-widget elementor-widget-countdown\" data-id=\"c282a37\" data-element_type=\"widget\" data-widget_type=\"countdown.default\">\n\t\t\t\t<div class=\"elementor-widget-container\">\n\t\t\t\t\t<div data-expire-actions=\"[{&quot;type&quot;:&quot;hide&quot;}]\" class=\"elementor-countdown-wrapper\" data-date=\"1733072340\">\n\t\t\t<div class=\"elementor-countdown-item\"><span class=\"elementor-countdown-digits elementor-countdown-days\"><\/span> <span class=\"elementor-countdown-label\">Jours<\/span><\/div><div class=\"elementor-countdown-item\"><span class=\"elementor-countdown-digits elementor-countdown-hours\"><\/span> <span class=\"elementor-countdown-label\">Heures<\/span><\/div><div class=\"elementor-countdown-item\"><span class=\"elementor-countdown-digits elementor-countdown-minutes\"><\/span> <span class=\"elementor-countdown-label\">Minutes<\/span><\/div><div class=\"elementor-countdown-item\"><span class=\"elementor-countdown-digits elementor-countdown-seconds\"><\/span> <span class=\"elementor-countdown-label\">Secondes<\/span><\/div>\t\t<\/div>\n\t\t\t\t<\/div>\n\t\t\t\t<\/div>\n\t\t\t\t\t<\/div>\n\t\t<\/div>\n\t\t\t\t\t<\/div>\n\t\t<\/section>\n\t\t\t\t\t<\/div>\n\t\t<\/div>\n\t\t\t\t\t<\/div>\n\t\t<\/section>\n\t\t\t\t<section class=\"elementor-section elementor-top-section elementor-element elementor-element-cad3159 elementor-section-boxed elementor-section-height-default elementor-section-height-default\" data-id=\"cad3159\" data-element_type=\"section\">\n\t\t\t\t\t\t<div class=\"elementor-container elementor-column-gap-default\">\n\t\t\t\t\t<div class=\"elementor-column elementor-col-100 elementor-top-column elementor-element elementor-element-0cd1f14\" data-id=\"0cd1f14\" data-element_type=\"column\">\n\t\t\t<div class=\"elementor-widget-wrap elementor-element-populated\">\n\t\t\t\t\t\t<div class=\"elementor-element elementor-element-8779068 elementor-widget elementor-widget-spacer\" data-id=\"8779068\" data-element_type=\"widget\" data-widget_type=\"spacer.default\">\n\t\t\t\t<div class=\"elementor-widget-container\">\n\t\t\t\t\t<div class=\"elementor-spacer\">\n\t\t\t<div class=\"elementor-spacer-inner\"><\/div>\n\t\t<\/div>\n\t\t\t\t<\/div>\n\t\t\t\t<\/div>\n\t\t\t\t<div class=\"elementor-element elementor-element-407ef99 elementor-widget elementor-widget-text-editor\" data-id=\"407ef99\" data-element_type=\"widget\" data-widget_type=\"text-editor.default\">\n\t\t\t\t<div class=\"elementor-widget-container\">\n\t\t\t\t\t\t\t<p style=\"text-align: center\"><span style=\"font-size: 24pt;color: #000000\">\u00c0 tr\u00e8s bient\u00f4t \u00e0 <strong><span style=\"color: #ff0000\">Hy\u00e8res<\/span><\/strong> !<\/span><\/p>\t\t\t\t\t\t<\/div>\n\t\t\t\t<\/div>\n\t\t\t\t\t<\/div>\n\t\t<\/div>\n\t\t\t\t\t<\/div>\n\t\t<\/section>\n\t\t\t\t<section class=\"elementor-section elementor-top-section elementor-element elementor-element-0c573bf elementor-section-boxed elementor-section-height-default elementor-section-height-default\" data-id=\"0c573bf\" data-element_type=\"section\">\n\t\t\t\t\t\t<div class=\"elementor-container elementor-column-gap-default\">\n\t\t\t\t\t<div class=\"elementor-column elementor-col-100 elementor-top-column elementor-element elementor-element-6476c1b\" data-id=\"6476c1b\" data-element_type=\"column\">\n\t\t\t<div class=\"elementor-widget-wrap elementor-element-populated\">\n\t\t\t\t\t\t<div class=\"elementor-element elementor-element-6494981 elementor-align-center elementor-widget elementor-widget-lottie\" data-id=\"6494981\" data-element_type=\"widget\" data-settings=\"{&quot;source&quot;:&quot;external_url&quot;,&quot;source_external_url&quot;:{&quot;url&quot;:&quot;https:\\\/\\\/assets7.lottiefiles.com\\\/packages\\\/lf20_miikvucn.json&quot;,&quot;is_external&quot;:&quot;&quot;,&quot;nofollow&quot;:&quot;&quot;,&quot;custom_attributes&quot;:&quot;&quot;},&quot;loop&quot;:&quot;yes&quot;,&quot;link_to&quot;:&quot;none&quot;,&quot;trigger&quot;:&quot;arriving_to_viewport&quot;,&quot;viewport&quot;:{&quot;unit&quot;:&quot;%&quot;,&quot;size&quot;:&quot;&quot;,&quot;sizes&quot;:{&quot;start&quot;:0,&quot;end&quot;:100}},&quot;play_speed&quot;:{&quot;unit&quot;:&quot;px&quot;,&quot;size&quot;:1,&quot;sizes&quot;:[]},&quot;start_point&quot;:{&quot;unit&quot;:&quot;%&quot;,&quot;size&quot;:0,&quot;sizes&quot;:[]},&quot;end_point&quot;:{&quot;unit&quot;:&quot;%&quot;,&quot;size&quot;:100,&quot;sizes&quot;:[]},&quot;renderer&quot;:&quot;svg&quot;}\" data-widget_type=\"lottie.default\">\n\t\t\t\t<div class=\"elementor-widget-container\">\n\t\t\t<div class=\"e-lottie__container\"><div class=\"e-lottie__animation\"><\/div><\/div>\t\t<\/div>\n\t\t\t\t<\/div>\n\t\t\t\t\t<\/div>\n\t\t<\/div>\n\t\t\t\t\t<\/div>\n\t\t<\/section>\n\t\t\t\t<section class=\"elementor-section elementor-top-section elementor-element elementor-element-40de281 elementor-hidden-mobile elementor-section-boxed elementor-section-height-default elementor-section-height-default\" data-id=\"40de281\" data-element_type=\"section\">\n\t\t\t\t\t\t<div class=\"elementor-container elementor-column-gap-default\">\n\t\t\t\t\t<div class=\"elementor-column elementor-col-100 elementor-top-column elementor-element elementor-element-390064a\" data-id=\"390064a\" data-element_type=\"column\">\n\t\t\t<div class=\"elementor-widget-wrap elementor-element-populated\">\n\t\t\t\t\t\t<div class=\"elementor-element elementor-element-10d404d elementor-widget elementor-widget-heading\" data-id=\"10d404d\" data-element_type=\"widget\" data-widget_type=\"heading.default\">\n\t\t\t\t<div class=\"elementor-widget-container\">\n\t\t\t<h1 class=\"elementor-heading-title elementor-size-default\">Hy\u00e8res<\/h1>\t\t<\/div>\n\t\t\t\t<\/div>\n\t\t\t\t\t<\/div>\n\t\t<\/div>\n\t\t\t\t\t<\/div>\n\t\t<\/section>\n\t\t\t\t<section class=\"elementor-section elementor-top-section elementor-element elementor-element-cbe8d41 elementor-section-boxed elementor-section-height-default elementor-section-height-default\" data-id=\"cbe8d41\" data-element_type=\"section\">\n\t\t\t\t\t\t<div class=\"elementor-container elementor-column-gap-default\">\n\t\t\t\t\t<div class=\"elementor-column elementor-col-100 elementor-top-column elementor-element elementor-element-603110f\" data-id=\"603110f\" data-element_type=\"column\">\n\t\t\t<div class=\"elementor-widget-wrap elementor-element-populated\">\n\t\t\t\t\t\t<div class=\"elementor-element elementor-element-50678ff elementor-widget elementor-widget-google_maps\" data-id=\"50678ff\" data-element_type=\"widget\" data-widget_type=\"google_maps.default\">\n\t\t\t\t<div class=\"elementor-widget-container\">\n\t\t\t\t\t<div class=\"elementor-custom-embed\">\n\t\t\t<iframe loading=\"lazy\"\n\t\t\t\t\tsrc=\"https:\/\/maps.google.com\/maps?q=Hy%C3%A8res&#038;t=m&#038;z=13&#038;output=embed&#038;iwloc=near\"\n\t\t\t\t\ttitle=\"Hy\u00e8res\"\n\t\t\t\t\taria-label=\"Hy\u00e8res\"\n\t\t\t><\/iframe>\n\t\t<\/div>\n\t\t\t\t<\/div>\n\t\t\t\t<\/div>\n\t\t\t\t\t<\/div>\n\t\t<\/div>\n\t\t\t\t\t<\/div>\n\t\t<\/section>\n\t\t\t\t<\/div>\n\t\t","protected":false},"excerpt":{"rendered":"<p>Agence ClickAndBuyAuto Hy\u00e8res Jours Heures Minutes Secondes \u00c0 tr\u00e8s bient\u00f4t \u00e0 Hy\u00e8res ! Hy\u00e8res<\/p>\n","protected":false},"author":2,"featured_media":0,"parent":0,"menu_order":0,"comment_status":"closed","ping_status":"closed","template":"","meta":{"footnotes":""},"class_list":["post-405349","page","type-page","status-publish","hentry"],"yoast_head":"<!-- This site is optimized with the Yoast SEO plugin v26.0 - https:\/\/yoast.com\/wordpress\/plugins\/seo\/ -->\n<title>Hy\u00e8res \u203a Click&amp;buyAuto<\/title>\n<meta name=\"description\" content=\"Agence ClickAndBuyAutoHy\u00e8res    Jours Heures Minutes Secondes   \u00c0 tr\u00e8s bient\u00f4t \u00e0 Hy\u00e8res !   Hy\u00e8res\" \/>\n<meta name=\"robots\" content=\"index, follow, max-snippet:-1, max-image-preview:large, max-video-preview:-1\" \/>\n<link rel=\"canonical\" href=\"https:\/\/automobile1.cloud1.sbg.meosis.fr\/clickandbuyauto\/hyeres.html\" \/>\n<meta property=\"og:locale\" content=\"fr_FR\" \/>\n<meta property=\"og:type\" content=\"article\" \/>\n<meta property=\"og:title\" content=\"Hy\u00e8res \u203a Click&amp;buyAuto\" \/>\n<meta property=\"og:description\" content=\"Agence ClickAndBuyAutoHy\u00e8res    Jours Heures Minutes Secondes   \u00c0 tr\u00e8s bient\u00f4t \u00e0 Hy\u00e8res !   Hy\u00e8res\" \/>\n<meta property=\"og:url\" content=\"https:\/\/automobile1.cloud1.sbg.meosis.fr\/clickandbuyauto\/hyeres.html\" \/>\n<meta property=\"og:site_name\" content=\"ClickAndBuyAuto: Achat et vente de voitures et reprise cash\" \/>\n<meta property=\"article:modified_time\" content=\"2024-07-04T08:42:26+00:00\" \/>\n<meta name=\"twitter:card\" content=\"summary_large_image\" \/>\n<script type=\"application\/ld+json\" class=\"yoast-schema-graph\">{\"@context\":\"https:\/\/schema.org\",\"@graph\":[{\"@type\":\"WebPage\",\"@id\":\"https:\/\/automobile1.cloud1.sbg.meosis.fr\/clickandbuyauto\/hyeres.html\",\"url\":\"https:\/\/automobile1.cloud1.sbg.meosis.fr\/clickandbuyauto\/hyeres.html\",\"name\":\"Hy\u00e8res \u203a Click&buyAuto\",\"isPartOf\":{\"@id\":\"https:\/\/automobile1.cloud1.sbg.meosis.fr\/clickandbuyauto\/#website\"},\"datePublished\":\"2023-11-20T10:16:15+00:00\",\"dateModified\":\"2024-07-04T08:42:26+00:00\",\"description\":\"Agence ClickAndBuyAutoHy\u00e8res Jours Heures Minutes Secondes \u00c0 tr\u00e8s bient\u00f4t \u00e0 Hy\u00e8res ! Hy\u00e8res\",\"breadcrumb\":{\"@id\":\"https:\/\/automobile1.cloud1.sbg.meosis.fr\/clickandbuyauto\/hyeres.html#breadcrumb\"},\"inLanguage\":\"fr-FR\",\"potentialAction\":[{\"@type\":\"ReadAction\",\"target\":[\"https:\/\/automobile1.cloud1.sbg.meosis.fr\/clickandbuyauto\/hyeres.html\"]}]},{\"@type\":\"BreadcrumbList\",\"@id\":\"https:\/\/automobile1.cloud1.sbg.meosis.fr\/clickandbuyauto\/hyeres.html#breadcrumb\",\"itemListElement\":[{\"@type\":\"ListItem\",\"position\":1,\"name\":\"Accueil\",\"item\":\"https:\/\/automobile1.cloud1.sbg.meosis.fr\/clickandbuyauto\/\"},{\"@type\":\"ListItem\",\"position\":2,\"name\":\"Hy\u00e8res\"}]},{\"@type\":\"WebSite\",\"@id\":\"https:\/\/automobile1.cloud1.sbg.meosis.fr\/clickandbuyauto\/#website\",\"url\":\"https:\/\/automobile1.cloud1.sbg.meosis.fr\/clickandbuyauto\/\",\"name\":\"ClickAndBuyAuto: Achat et vente de voitures et reprise cash\",\"description\":\"Franchise automobile sp\u00e9cialiste de la vente de v\u00e9hicules neufs et occasions\",\"publisher\":{\"@id\":\"https:\/\/automobile1.cloud1.sbg.meosis.fr\/clickandbuyauto\/#organization\"},\"potentialAction\":[{\"@type\":\"SearchAction\",\"target\":{\"@type\":\"EntryPoint\",\"urlTemplate\":\"https:\/\/automobile1.cloud1.sbg.meosis.fr\/clickandbuyauto\/?s={search_term_string}\"},\"query-input\":{\"@type\":\"PropertyValueSpecification\",\"valueRequired\":true,\"valueName\":\"search_term_string\"}}],\"inLanguage\":\"fr-FR\"},{\"@type\":\"Organization\",\"@id\":\"https:\/\/automobile1.cloud1.sbg.meosis.fr\/clickandbuyauto\/#organization\",\"name\":\"Click and Buy Auto\",\"url\":\"https:\/\/automobile1.cloud1.sbg.meosis.fr\/clickandbuyauto\/\",\"logo\":{\"@type\":\"ImageObject\",\"inLanguage\":\"fr-FR\",\"@id\":\"https:\/\/automobile1.cloud1.sbg.meosis.fr\/clickandbuyauto\/#\/schema\/logo\/image\/\",\"url\":\"https:\/\/www.clickandbuyauto.fr\/wp-content\/uploads\/sites\/2\/2023\/02\/large-Copie.png\",\"contentUrl\":\"https:\/\/www.clickandbuyauto.fr\/wp-content\/uploads\/sites\/2\/2023\/02\/large-Copie.png\",\"width\":5000,\"height\":5000,\"caption\":\"Click and Buy Auto\"},\"image\":{\"@id\":\"https:\/\/automobile1.cloud1.sbg.meosis.fr\/clickandbuyauto\/#\/schema\/logo\/image\/\"}}]}<\/script>\n<!-- \/ Yoast SEO plugin. -->","yoast_head_json":{"title":"Hy\u00e8res \u203a Click&buyAuto","description":"Agence ClickAndBuyAutoHy\u00e8res    Jours Heures Minutes Secondes   \u00c0 tr\u00e8s bient\u00f4t \u00e0 Hy\u00e8res !   Hy\u00e8res","robots":{"index":"index","follow":"follow","max-snippet":"max-snippet:-1","max-image-preview":"max-image-preview:large","max-video-preview":"max-video-preview:-1"},"canonical":"https:\/\/automobile1.cloud1.sbg.meosis.fr\/clickandbuyauto\/hyeres.html","og_locale":"fr_FR","og_type":"article","og_title":"Hy\u00e8res \u203a Click&buyAuto","og_description":"Agence ClickAndBuyAutoHy\u00e8res    Jours Heures Minutes Secondes   \u00c0 tr\u00e8s bient\u00f4t \u00e0 Hy\u00e8res !   Hy\u00e8res","og_url":"https:\/\/automobile1.cloud1.sbg.meosis.fr\/clickandbuyauto\/hyeres.html","og_site_name":"ClickAndBuyAuto: Achat et vente de voitures et reprise cash","article_modified_time":"2024-07-04T08:42:26+00:00","twitter_card":"summary_large_image","schema":{"@context":"https:\/\/schema.org","@graph":[{"@type":"WebPage","@id":"https:\/\/automobile1.cloud1.sbg.meosis.fr\/clickandbuyauto\/hyeres.html","url":"https:\/\/automobile1.cloud1.sbg.meosis.fr\/clickandbuyauto\/hyeres.html","name":"Hy\u00e8res \u203a Click&buyAuto","isPartOf":{"@id":"https:\/\/automobile1.cloud1.sbg.meosis.fr\/clickandbuyauto\/#website"},"datePublished":"2023-11-20T10:16:15+00:00","dateModified":"2024-07-04T08:42:26+00:00","description":"Agence ClickAndBuyAutoHy\u00e8res Jours Heures Minutes Secondes \u00c0 tr\u00e8s bient\u00f4t \u00e0 Hy\u00e8res ! Hy\u00e8res","breadcrumb":{"@id":"https:\/\/automobile1.cloud1.sbg.meosis.fr\/clickandbuyauto\/hyeres.html#breadcrumb"},"inLanguage":"fr-FR","potentialAction":[{"@type":"ReadAction","target":["https:\/\/automobile1.cloud1.sbg.meosis.fr\/clickandbuyauto\/hyeres.html"]}]},{"@type":"BreadcrumbList","@id":"https:\/\/automobile1.cloud1.sbg.meosis.fr\/clickandbuyauto\/hyeres.html#breadcrumb","itemListElement":[{"@type":"ListItem","position":1,"name":"Accueil","item":"https:\/\/automobile1.cloud1.sbg.meosis.fr\/clickandbuyauto\/"},{"@type":"ListItem","position":2,"name":"Hy\u00e8res"}]},{"@type":"WebSite","@id":"https:\/\/automobile1.cloud1.sbg.meosis.fr\/clickandbuyauto\/#website","url":"https:\/\/automobile1.cloud1.sbg.meosis.fr\/clickandbuyauto\/","name":"ClickAndBuyAuto: Achat et vente de voitures et reprise cash","description":"Franchise automobile sp\u00e9cialiste de la vente de v\u00e9hicules neufs et occasions","publisher":{"@id":"https:\/\/automobile1.cloud1.sbg.meosis.fr\/clickandbuyauto\/#organization"},"potentialAction":[{"@type":"SearchAction","target":{"@type":"EntryPoint","urlTemplate":"https:\/\/automobile1.cloud1.sbg.meosis.fr\/clickandbuyauto\/?s={search_term_string}"},"query-input":{"@type":"PropertyValueSpecification","valueRequired":true,"valueName":"search_term_string"}}],"inLanguage":"fr-FR"},{"@type":"Organization","@id":"https:\/\/automobile1.cloud1.sbg.meosis.fr\/clickandbuyauto\/#organization","name":"Click and Buy Auto","url":"https:\/\/automobile1.cloud1.sbg.meosis.fr\/clickandbuyauto\/","logo":{"@type":"ImageObject","inLanguage":"fr-FR","@id":"https:\/\/automobile1.cloud1.sbg.meosis.fr\/clickandbuyauto\/#\/schema\/logo\/image\/","url":"https:\/\/www.clickandbuyauto.fr\/wp-content\/uploads\/sites\/2\/2023\/02\/large-Copie.png","contentUrl":"https:\/\/www.clickandbuyauto.fr\/wp-content\/uploads\/sites\/2\/2023\/02\/large-Copie.png","width":5000,"height":5000,"caption":"Click and Buy Auto"},"image":{"@id":"https:\/\/automobile1.cloud1.sbg.meosis.fr\/clickandbuyauto\/#\/schema\/logo\/image\/"}}]}},"_links":{"self":[{"href":"https:\/\/automobile1.cloud1.sbg.meosis.fr\/clickandbuyauto\/wp-json\/wp\/v2\/pages\/405349","targetHints":{"allow":["GET"]}}],"collection":[{"href":"https:\/\/automobile1.cloud1.sbg.meosis.fr\/clickandbuyauto\/wp-json\/wp\/v2\/pages"}],"about":[{"href":"https:\/\/automobile1.cloud1.sbg.meosis.fr\/clickandbuyauto\/wp-json\/wp\/v2\/types\/page"}],"author":[{"embeddable":true,"href":"https:\/\/automobile1.cloud1.sbg.meosis.fr\/clickandbuyauto\/wp-json\/wp\/v2\/users\/2"}],"replies":[{"embeddable":true,"href":"https:\/\/automobile1.cloud1.sbg.meosis.fr\/clickandbuyauto\/wp-json\/wp\/v2\/comments?post=405349"}],"version-history":[{"count":0,"href":"https:\/\/automobile1.cloud1.sbg.meosis.fr\/clickandbuyauto\/wp-json\/wp\/v2\/pages\/405349\/revisions"}],"wp:attachment":[{"href":"https:\/\/automobile1.cloud1.sbg.meosis.fr\/clickandbuyauto\/wp-json\/wp\/v2\/media?parent=405349"}],"curies":[{"name":"wp","href":"https:\/\/api.w.org\/{rel}","templated":true}]}}