{"id":17,"date":"2021-02-19T12:00:18","date_gmt":"2021-02-19T11:00:18","guid":{"rendered":"https:\/\/www.clickandbuyauto.com\/mentions-legales-politique-confidentialite.html"},"modified":"2024-06-03T20:47:33","modified_gmt":"2024-06-03T18:47:33","slug":"mentions-legales-politique-confidentialite","status":"publish","type":"page","link":"https:\/\/automobile1.cloud1.sbg.meosis.fr\/clickandbuyauto\/mentions-legales-politique-confidentialite.html","title":{"rendered":"Mentions l\u00e9gales &#038; Politique de Confidentialit\u00e9"},"content":{"rendered":"\t\t<div data-elementor-type=\"wp-page\" data-elementor-id=\"17\" class=\"elementor elementor-17\" data-elementor-post-type=\"page\">\n\t\t\t\t\t\t<section class=\"elementor-section elementor-top-section elementor-element elementor-element-670e1b5f elementor-section-boxed elementor-section-height-default elementor-section-height-default\" data-id=\"670e1b5f\" data-element_type=\"section\">\n\t\t\t\t\t\t<div class=\"elementor-container elementor-column-gap-default\">\n\t\t\t\t\t<div class=\"elementor-column elementor-col-100 elementor-top-column elementor-element elementor-element-74036dad\" data-id=\"74036dad\" data-element_type=\"column\">\n\t\t\t<div class=\"elementor-widget-wrap elementor-element-populated\">\n\t\t\t\t\t\t<div class=\"elementor-element elementor-element-284673e8 elementor-widget elementor-widget-text-editor\" data-id=\"284673e8\" data-element_type=\"widget\" data-widget_type=\"text-editor.default\">\n\t\t\t\t<div class=\"elementor-widget-container\">\n\t\t\t\t\t\t\t<p><span style=\"color: #000000;\">Ce site web est \u00e9dit\u00e9 par :<\/span><br \/><span style=\"color: #000000;\">Raison sociale : ASSOCIATE &amp; MR<\/span><br \/><span style=\"color: #000000;\">N\u00b0 SIRET : 824 227 250<\/span><br \/><span style=\"color: #000000;\">Repr\u00e9sentant l\u00e9gal : Richard CLAIRE<\/span><br \/><span style=\"color: #000000;\">Directeur de la publication : Richard CLAIRE<\/span><\/p><p><span style=\"color: #000000;\">Adresse : 35 AVENUE DE LA MARQUEILLE 31650 SAINT-ORENS-DE-GAMEVILLE<\/span><br \/><span style=\"color: #000000;\">Email : toulouse@clickandbuyauto.fr<\/span><br \/><span style=\"color: #000000;\">T\u00e9l. : 05 61 28 65 05<\/span><br \/><span style=\"color: #000000;\"><h2>Politique de confidentialit\u00e9, cookies &#038; RGPD<\/h2>\n<h3 class=\"p4\"><span class=\"s1\">Ce site web est d\u00e9velopp\u00e9 par :<\/span><\/h3>\n<span class=\"s1\">MEOSIS, SARL Unipersonnelle au Capital 10 000 EUROS<br>\nSi\u00e8ge social :\u00a0<a href=\"https:\/\/maps.google.fr\/maps\/place?cid=1030256345161587726\">1 rue de Lugano, 68180 Horbourg-Wihr<\/a><br>\nAgence Web, <a href=\"https:\/\/www.meosis.fr\">www.meosis.fr<\/a><br>\nNum\u00e9ro Siren : 534 137 377<br>\nCode APE : 6201Z<br>\nNum\u00e9ro TVA intracommunautaire : FR79534137377<br>\nMail : <a href=\"mailto:contact@meosis.fr\">contact@meosis.fr<\/a><br>\nT\u00e9l : 03 89 30 86 30<br><br>\n&#8211; &#8211; &#8211; &#8211; &#8211; &#8211; &#8211; &#8211; &#8211; &#8211; &#8211; &#8211; &#8211;\n<h3 class=\"p4\"><span class=\"s1\">Ce site web est h\u00e9berg\u00e9 par :<\/span><\/h3>\nOVH \u2013 2 rue Kellermann \u2013 59100 ROUBAIX \u2013 France<br>\nT\u00e9l. : 09 72 10 10 07<\/p>\n<br>&#8211; &#8211; &#8211; &#8211; &#8211; &#8211; &#8211; &#8211; &#8211; &#8211; &#8211; &#8211; &#8211;\n\n\n<h2 class=\"p2\">Politique de protection des donn\u00e9es<\/h2>\n<p class=\"p2\"><span class=\"s1\">Les informations de l\u2019utilisateur recueillies via le site <\/span><strong><span class=\"s2\">automobile1.cloud1.sbg.meosis.fr<\/span><\/strong><span class=\"s1\"> (<em>ci-apr\u00e8s d\u00e9sign\u00e9 \u00ab\u00a0le Site\u00a0\u00bb<\/em>) telles que notamment l&rsquo;URL des liens par l&rsquo;interm\u00e9diaire desquels l&rsquo;utilisateur a acc\u00e9d\u00e9 au Site, le fournisseur d&rsquo;acc\u00e8s de l&rsquo;utilisateur, l&rsquo;adresse de protocole Internet (IP) de l&rsquo;utilisateur, les coordonn\u00e9es et le nom de l\u2019utilisateur etc., ont vocation \u00e0 \u00eatre trait\u00e9es par la Soci\u00e9t\u00e9 <\/span><strong>ClickAndBuyAuto: Achat et vente de voitures et reprise cash<\/strong><span class=\"s1\">, responsable de traitement, pour les besoins de la navigation sur le Site, pour toute demande de renseignement, et le cas \u00e9ch\u00e9ant pour la d\u00e9livrance de certains services de la Soci\u00e9t\u00e9 <\/span><strong>ClickAndBuyAuto: Achat et vente de voitures et reprise cash<\/strong><span class=\"s1\">. Ce traitement est fond\u00e9 sur l\u2019int\u00e9r\u00eat l\u00e9gitime de la Soci\u00e9t\u00e9 <\/span><strong>ClickAndBuyAuto: Achat et vente de voitures et reprise cash<\/strong><span class=\"s1\"> dans le cadre de la gestion de ses relations avec les clients et prospects. <\/span><\/p>\n<p class=\"p2\"><span class=\"s1\">Les informations signal\u00e9es d&rsquo;un ast\u00e9risque dans les formulaires sont obligatoires pour traiter les demandes des utilisateurs. A d\u00e9faut de les renseigner, une demande ne pourra pas \u00eatre prise en compte.<\/span><\/p>\n<p class=\"p3\"><span class=\"s1\">Les donn\u00e9es sont uniquement communiqu\u00e9es en interne au sein de la Soci\u00e9t\u00e9\u00a0<strong>ClickAndBuyAuto: Achat et vente de voitures et reprise cash<\/strong><\/span><span class=\"s1\">\u00a0au service clients,<\/span> <span class=\"s1\">au<\/span> <span class=\"s1\">service marketing\/commerce et au service communication. <\/span><\/p>\n<p class=\"p4\"><span class=\"s1\">Les donn\u00e9es sont accessibles aux sous-traitants de la Soci\u00e9t\u00e9\u00a0<strong>ClickAndBuyAuto: Achat et vente de voitures et reprise cash<\/strong><\/span><span class=\"s1\"><span class=\"Apple-converted-space\">\u00a0\u00a0<\/span>(<em>notamment \u00e0 des fins de maintenance d\u2019h\u00e9bergement du site internet<\/em>). Les sous-traitants agissent selon les instructions de la Soci\u00e9t\u00e9\u00a0<strong>ClickAndBuyAuto: Achat et vente de voitures et reprise cash<\/strong><\/span><span class=\"s1\">, et sont tenus de mettre en \u0153uvre des mesures de protection appropri\u00e9es de ces donn\u00e9es personnelles. <\/span><\/p>\n<p class=\"p2\"><span class=\"s1\">Les donn\u00e9es personnelles de l\u2019utilisateur seront conserv\u00e9es\u00a0au maximum:<\/span><\/p>\n\n<ul class=\"ul1\">\n \t<li class=\"li2\"><span class=\"s1\">Pour une dur\u00e9e de 3 ans \u00e0 compter de leur collecte en l\u2019absence de conclusion d\u2019un contrat\u00a0;<\/span><\/li>\n \t<li class=\"li2\"><span class=\"s1\">En cas de conclusion d\u2019un contrat ou d\u2019une commande, le cas \u00e9ch\u00e9ant pendant toute la p\u00e9riode contractuelle, puis conserv\u00e9es en archives interm\u00e9diaires pour une dur\u00e9e correspondant \u00e0 la p\u00e9riode de garantie \u00e9ventuelle \u00e0 laquelle s\u2019ajoute la dur\u00e9e de prescription l\u00e9gale applicable (<em>5 ans dans la plupart des cas<\/em>)<\/span><\/li>\n \t<li class=\"li2\"><span class=\"s1\">Pour une dur\u00e9e de 13 mois \u00e0 compter de leur implantation\/cr\u00e9ation s\u2019agissant des cookies.<\/span><\/li>\n<\/ul>\n<p class=\"p3\"><span class=\"s1\">Conform\u00e9ment \u00e0 la r\u00e9glementation applicable en mati\u00e8re de protection des donn\u00e9es \u00e0 caract\u00e8re personnel, l\u2019utilisateur dispose\u00a0: <\/span><\/p>\n\n<ul class=\"ul1\">\n \t<li class=\"li3\"><span class=\"s1\">d\u2019un droit d\u2019acc\u00e8s, de rectification et de portabilit\u00e9 des informations le concernant\u00a0; <\/span><\/li>\n \t<li class=\"li3\"><span class=\"s1\">d&rsquo;un droit de limitation, d\u2019effacement et d\u2019opposition pour des motifs l\u00e9gitimes au traitement de ses donn\u00e9es\u00a0; <\/span><\/li>\n \t<li class=\"li3\"><span class=\"s1\">de la possibilit\u00e9 de transmettre \u00e0 la Soci\u00e9t\u00e9 <\/span>ClickAndBuyAuto: Achat et vente de voitures et reprise cash<span class=\"s1\"><span class=\"Apple-converted-space\">\u00a0 <\/span>des directives afin d\u2019organiser le sort des donn\u00e9es le concernant (conservation, effacement, communication \u00e0 un tiers, etc.) en cas de d\u00e9c\u00e8s\u00a0;<\/span><\/li>\n<\/ul>\n<p class=\"p3\"><span class=\"s1\">L\u2019utilisateur peut exercer ces droits en \u00e9crivant \u00e0 l&rsquo;adresse \u00e9lectronique suivante\u00a0: rgpd@meosis.fr<\/span><span class=\"s1\">. <\/span><\/p>\n<p class=\"p3\"><span class=\"s1\">Toutefois, l\u2019utilisateur est averti que son opposition au traitement peut, en pratique et selon les cas, avoir une incidence ou rendre impossible la prise en compte d\u2019une demande d\u2019information, d\u2019utilisation des services propos\u00e9s sur le Site. <\/span><\/p>\n<p class=\"p3\"><span class=\"s1\">L\u2019utilisateur dispose \u00e9galement d&rsquo;un droit de recours aupr\u00e8s d&rsquo;une autorit\u00e9 nationale de contr\u00f4le telle que la Commission Nationale de l&rsquo;Informatique et des Libert\u00e9s en cas de violation de la r\u00e9glementation applicable en mati\u00e8re de protection des donn\u00e9es \u00e0 caract\u00e8re personnel et notamment du R\u00e8glement europ\u00e9en n\u00b02016-679.<\/span><\/p>\n\n<h2>Politique cookies<\/h2>\n<p class=\"p2\"><span class=\"s1\">Lors de la consultation du site <\/span><strong><span class=\"s2\">automobile1.cloud1.sbg.meosis.fr<\/span><\/strong><span class=\"s1\"> (<em>ci-apr\u00e8s d\u00e9sign\u00e9 \u00ab\u00a0le Site\u00a0\u00bb<\/em>), certaines informations relatives \u00e0 votre navigation sont susceptibles d\u2019\u00eatre enregistr\u00e9es dans des fichiers \u00ab cookies \u00bb install\u00e9s sur votre terminal (ordinateur, tablette, t\u00e9l\u00e9phone mobile ou tout autre appareil optimis\u00e9 pour Internet). <\/span><\/p>\n<p class=\"p2\"><span class=\"s1\">Ces cookies sont dans le but de faciliter votre navigation sur ce Site et pour des raisons de mesure d\u2019audience.<\/span><\/p>\n<p class=\"p2\"><span class=\"s1\">Certains cookies vous permettent \u00e9galement d\u2019interagir avec les modules sociaux pr\u00e9sents sur le Site (Facebook, Twitter\u2026) et nous permettent de vous proposer des offres personnalis\u00e9es, adapt\u00e9es \u00e0 vos pr\u00e9f\u00e9rences.<\/span><\/p>\n<p class=\"p2\"><span class=\"s1\">Cet article vous permet de comprendre ce qu\u2019est un cookie, quel est son r\u00f4le, et comment param\u00e9trer son fonctionnement.<\/span><\/p>\n\n<h3 class=\"p2\"><span class=\"s1\">Qu\u2019est-ce qu\u2019un cookie\u00a0?<\/span><\/h3>\n<p class=\"p2\"><span class=\"s1\">Un cookie est un fichier texte qui, gr\u00e2ce \u00e0 votre logiciel de navigation, est d\u00e9pos\u00e9 dans un espace d\u00e9di\u00e9 du disque dur de votre terminal lors de la visite d\u2019un site ou de la consultation d\u2019une publicit\u00e9. Il contient plusieurs donn\u00e9es telles que le nom du serveur qui l\u2019a d\u00e9pos\u00e9 (serveur du site que vous visitez), un identifiant sous forme de num\u00e9ro unique et \u00e9ventuellement une date d\u2019expiration dudit cookie.<\/span><\/p>\n<p class=\"p2\"><span class=\"s1\">Les cookies permettent \u00e0 son \u00e9metteur de reconna\u00eetre le terminal de l\u2019utilisateur aupr\u00e8s de qui il est enregistr\u00e9 et de collecter des informations relatives \u00e0 sa navigation sur les sites.<\/span><\/p>\n\n<h3 class=\"p2\"><span class=\"s1\">Les cookies \u00e9mis sur ce Site<\/span><\/h3>\n<p class=\"p2\"><span class=\"s1\">Les \u00ab cookies indispensables \u00bb au fonctionnement du Site : ils permettent de m\u00e9moriser des informations saisies dans les formulaires, g\u00e9rer et s\u00e9curiser l\u2019acc\u00e8s \u00e0 des espaces r\u00e9serv\u00e9s (inscription ou acc\u00e8s \u00e0 votre compte, service demand\u00e9, contenu d\u2019un panier de commande etc.).<\/span><\/p>\n<p class=\"p2\"><span class=\"s1\">Les \u00ab cookies fonctionnels \u00bb : ils permettent d\u2019adapter la pr\u00e9sentation du Site aux pr\u00e9f\u00e9rences d\u2019affichage de votre terminal (langue utilis\u00e9e, r\u00e9solution d\u2019affichage etc.) et ainsi personnaliser votre acc\u00e8s au Site.<\/span><\/p>\n<p class=\"p2\"><span class=\"s1\">Les \u00ab cookies analytiques \u00bb (ou \u00ab cookies de mesure d\u2019audience \u00bb) : ils recueillent anonymement des donn\u00e9es de trafic afin d&rsquo;\u00e9tablir des statistiques et volumes de fr\u00e9quentation (nombre de visites, de pages vues&#8230;) et de conna\u00eetre l\u2019utilisation des \u00e9l\u00e9ments composant le pr\u00e9sent Site (rubriques et pages consult\u00e9es\u2026) nous permettant de suivre et am\u00e9liorer la qualit\u00e9 de ses services. <\/span><\/p>\n<p class=\"p4\"><span class=\"s1\">Les \u00ab cookies sociaux \u00bb : ils vous permettent d\u2019interagir avec les modules sociaux sur le Site (Facebook, Twitter\u2026).<\/span><\/p>\n<p class=\"p4\"><span class=\"s1\">Les \u00ab\u00a0cookies de ciblage ou de retargeting\u00a0\u00bb permettent d\u2019adapter la navigation \u00e0 vos choix et pr\u00e9f\u00e9rences, en proposant le cas \u00e9ch\u00e9ant des produits et services susceptibles de vous int\u00e9resser. Certains cookies tiers peuvent \u00eatre install\u00e9s sur le Site via nos partenaires commerciaux de confiance, afin de vous proposer des offres li\u00e9es \u00e0 d\u2019autres sites internet.<\/span><\/p>\n<p class=\"p2\"><span class=\"s1\"><b>La gestion de vos Cookies<\/b><\/span><\/p>\n<p class=\"p2\"><span class=\"s1\">Vous pouvez contr\u00f4ler et g\u00e9rer l\u2019installation de ces cookies dans votre terminal en param\u00e9trant votre logiciel de navigation.<\/span><\/p>\n<p class=\"p2\"><span class=\"s1\">Ainsi il est possible de configurer votre navigateur de mani\u00e8re \u00e0 accepter ou rejeter<span class=\"Apple-converted-space\">\u00a0 <\/span>tous les cookies soit syst\u00e9matiquement soit selon leur \u00e9metteur. Il vous est \u00e9galement possible de choisir d\u2019\u00eatre automatiquement inform\u00e9 lorsqu\u2019un cookie est enregistr\u00e9 sur votre terminal.<\/span><\/p>\n<p class=\"p2\"><span class=\"s1\">Enfin, et pour b\u00e9n\u00e9ficier d\u2019un contr\u00f4le plus important quant \u00e0 la gestion des cookies, vous pouvez configurer votre logiciel de navigation de sorte que l\u2019acceptation ou le refus des cookies vous soient ponctuellement propos\u00e9, avant qu\u2019un cookie ne soit susceptible d\u2019\u00eatre d\u00e9pos\u00e9 sur votre disque dur par le serveur du site que vous visitez.<\/span><\/p>\n<p class=\"p2\"><span class=\"s1\">Il est donc conseill\u00e9 de configurer les param\u00e8tres de votre navigateur \u00e0 votre convenance.<\/span><\/p>\n<p class=\"p2\"><span class=\"s1\">Afin de g\u00e9rer les cookies au plus pr\u00e8s de vos attentes nous vous invitons \u00e0 param\u00e9trer votre navigateur en tenant compte de la finalit\u00e9 des cookies. Vous trouverez ci-apr\u00e8s des informations plus d\u00e9taill\u00e9es sur la fa\u00e7on de proc\u00e9der \u00e0 ce param\u00e9trage pour les navigateurs les plus couramment utilis\u00e9s\u00a0:<\/span><\/p>\n\n<ul class=\"ul1\">\n \t<li class=\"li2\"><span class=\"s1\">Internet Explorer \u2013 http:\/\/support.microsoft.com\/kb\/278835<\/span><\/li>\n \t<li class=\"li2\"><span class=\"s1\">Chrome \u2013 http:\/\/www.google.com\/intl\/fr\/chrome\/browser\/features.html<\/span><\/li>\n \t<li class=\"li2\"><span class=\"s1\">Firefox \u2013 https:\/\/support.mozilla.org\/fr\/kb\/activer-desactiver-cookies-preferences<\/span><\/li>\n \t<li class=\"li2\"><span class=\"s1\">Safari \u2013 http:\/\/support.apple.com\/kb\/PH5042<\/span><\/li>\n \t<li class=\"li2\"><span class=\"s1\">Opera \u2013 http:\/\/www.opera.com\/browser\/tutorials\/security\/privacy\/<\/span><\/li>\n<\/ul>\n<p class=\"p2\"><span class=\"s1\">Vous pouvez \u00e9galement consulter le menu \u00ab Aide \u00bb de votre navigateur afin de savoir comment modifier vos param\u00e8tres aff\u00e9rents aux cookies.<\/span><\/p>\n<p class=\"p2\"><span class=\"s1\">Tout param\u00e9trage entrepris sur votre terminal \u00e0 cet \u00e9gard peut entra\u00eener une modification ou une d\u00e9gradation de votre navigation sur internet ainsi qu\u2019en particulier de vos conditions d\u2019acc\u00e8s \u00e0 certains services du Site requ\u00e9rant l\u2019utilisation de Cookies. En cas de difficult\u00e9, vous pouvez \u00e0 tout moment modifier vos souhaits en mati\u00e8re de cookies et revenir en arri\u00e8re.<\/span><\/p>\n<\/span><\/p>\t\t\t\t\t\t<\/div>\n\t\t\t\t<\/div>\n\t\t\t\t\t<\/div>\n\t\t<\/div>\n\t\t\t\t\t<\/div>\n\t\t<\/section>\n\t\t\t\t<\/div>\n\t\t","protected":false},"excerpt":{"rendered":"<p>Ce site web est \u00e9dit\u00e9 par :Raison sociale : ASSOCIATE &amp; MRN\u00b0 SIRET : 824 227 250Repr\u00e9sentant l\u00e9gal : Richard CLAIREDirecteur de la publication : Richard CLAIRE Adresse : 35 AVENUE DE LA MARQUEILLE 31650 SAINT-ORENS-DE-GAMEVILLEEmail : toulouse@clickandbuyauto.frT\u00e9l. : 05 61 28 65 05<\/p>\n","protected":false},"author":1,"featured_media":0,"parent":0,"menu_order":0,"comment_status":"closed","ping_status":"closed","template":"","meta":{"footnotes":""},"class_list":["post-17","page","type-page","status-publish","hentry"],"yoast_head":"<!-- This site is optimized with the Yoast SEO plugin v26.0 - https:\/\/yoast.com\/wordpress\/plugins\/seo\/ -->\n<title>Mentions l\u00e9gales &amp; Politique de Confidentialit\u00e9 \u203a Click&amp;buyAuto<\/title>\n<meta name=\"description\" content=\"Ce site web est \u00e9dit\u00e9 par :Raison sociale : ASSOCIATE &amp; MRN\u00b0 SIRET : 824 227 250Repr\u00e9sentant l\u00e9gal : Richard CLAIREDirecteur de la publication :\" \/>\n<meta name=\"robots\" content=\"noindex, nofollow\" \/>\n<meta property=\"og:locale\" content=\"fr_FR\" \/>\n<meta property=\"og:type\" content=\"article\" \/>\n<meta property=\"og:title\" content=\"Mentions l\u00e9gales &amp; Politique de Confidentialit\u00e9 \u203a Click&amp;buyAuto\" \/>\n<meta property=\"og:description\" content=\"Ce site web est \u00e9dit\u00e9 par :Raison sociale : ASSOCIATE &amp; MRN\u00b0 SIRET : 824 227 250Repr\u00e9sentant l\u00e9gal : Richard CLAIREDirecteur de la publication :\" \/>\n<meta property=\"og:url\" content=\"https:\/\/automobile1.cloud1.sbg.meosis.fr\/clickandbuyauto\/mentions-legales-politique-confidentialite.html\" \/>\n<meta property=\"og:site_name\" content=\"ClickAndBuyAuto: Achat et vente de voitures et reprise cash\" \/>\n<meta property=\"article:modified_time\" content=\"2024-06-03T18:47:33+00:00\" \/>\n<meta name=\"twitter:card\" content=\"summary_large_image\" \/>\n<script type=\"application\/ld+json\" class=\"yoast-schema-graph\">{\"@context\":\"https:\/\/schema.org\",\"@graph\":[{\"@type\":\"WebPage\",\"@id\":\"https:\/\/automobile1.cloud1.sbg.meosis.fr\/clickandbuyauto\/mentions-legales-politique-confidentialite.html\",\"url\":\"https:\/\/automobile1.cloud1.sbg.meosis.fr\/clickandbuyauto\/mentions-legales-politique-confidentialite.html\",\"name\":\"Mentions l\u00e9gales & Politique de Confidentialit\u00e9 \u203a Click&buyAuto\",\"isPartOf\":{\"@id\":\"https:\/\/automobile1.cloud1.sbg.meosis.fr\/clickandbuyauto\/#website\"},\"datePublished\":\"2021-02-19T11:00:18+00:00\",\"dateModified\":\"2024-06-03T18:47:33+00:00\",\"description\":\"Ce site web est \u00e9dit\u00e9 par :Raison sociale : ASSOCIATE &amp; MRN\u00b0 SIRET : 824 227 250Repr\u00e9sentant l\u00e9gal : Richard CLAIREDirecteur de la publication :\",\"breadcrumb\":{\"@id\":\"https:\/\/automobile1.cloud1.sbg.meosis.fr\/clickandbuyauto\/mentions-legales-politique-confidentialite.html#breadcrumb\"},\"inLanguage\":\"fr-FR\",\"potentialAction\":[{\"@type\":\"ReadAction\",\"target\":[\"https:\/\/automobile1.cloud1.sbg.meosis.fr\/clickandbuyauto\/mentions-legales-politique-confidentialite.html\"]}]},{\"@type\":\"BreadcrumbList\",\"@id\":\"https:\/\/automobile1.cloud1.sbg.meosis.fr\/clickandbuyauto\/mentions-legales-politique-confidentialite.html#breadcrumb\",\"itemListElement\":[{\"@type\":\"ListItem\",\"position\":1,\"name\":\"Accueil\",\"item\":\"https:\/\/automobile1.cloud1.sbg.meosis.fr\/clickandbuyauto\/\"},{\"@type\":\"ListItem\",\"position\":2,\"name\":\"Mentions l\u00e9gales &#038; Politique de Confidentialit\u00e9\"}]},{\"@type\":\"WebSite\",\"@id\":\"https:\/\/automobile1.cloud1.sbg.meosis.fr\/clickandbuyauto\/#website\",\"url\":\"https:\/\/automobile1.cloud1.sbg.meosis.fr\/clickandbuyauto\/\",\"name\":\"ClickAndBuyAuto: Achat et vente de voitures et reprise cash\",\"description\":\"Franchise automobile sp\u00e9cialiste de la vente de v\u00e9hicules neufs et occasions\",\"publisher\":{\"@id\":\"https:\/\/automobile1.cloud1.sbg.meosis.fr\/clickandbuyauto\/#organization\"},\"potentialAction\":[{\"@type\":\"SearchAction\",\"target\":{\"@type\":\"EntryPoint\",\"urlTemplate\":\"https:\/\/automobile1.cloud1.sbg.meosis.fr\/clickandbuyauto\/?s={search_term_string}\"},\"query-input\":{\"@type\":\"PropertyValueSpecification\",\"valueRequired\":true,\"valueName\":\"search_term_string\"}}],\"inLanguage\":\"fr-FR\"},{\"@type\":\"Organization\",\"@id\":\"https:\/\/automobile1.cloud1.sbg.meosis.fr\/clickandbuyauto\/#organization\",\"name\":\"Click and Buy Auto\",\"url\":\"https:\/\/automobile1.cloud1.sbg.meosis.fr\/clickandbuyauto\/\",\"logo\":{\"@type\":\"ImageObject\",\"inLanguage\":\"fr-FR\",\"@id\":\"https:\/\/automobile1.cloud1.sbg.meosis.fr\/clickandbuyauto\/#\/schema\/logo\/image\/\",\"url\":\"https:\/\/www.clickandbuyauto.fr\/wp-content\/uploads\/sites\/2\/2023\/02\/large-Copie.png\",\"contentUrl\":\"https:\/\/www.clickandbuyauto.fr\/wp-content\/uploads\/sites\/2\/2023\/02\/large-Copie.png\",\"width\":5000,\"height\":5000,\"caption\":\"Click and Buy Auto\"},\"image\":{\"@id\":\"https:\/\/automobile1.cloud1.sbg.meosis.fr\/clickandbuyauto\/#\/schema\/logo\/image\/\"}}]}<\/script>\n<!-- \/ Yoast SEO plugin. -->","yoast_head_json":{"title":"Mentions l\u00e9gales & Politique de Confidentialit\u00e9 \u203a Click&buyAuto","description":"Ce site web est \u00e9dit\u00e9 par :Raison sociale : ASSOCIATE &amp; MRN\u00b0 SIRET : 824 227 250Repr\u00e9sentant l\u00e9gal : Richard CLAIREDirecteur de la publication :","robots":{"index":"noindex","follow":"nofollow"},"og_locale":"fr_FR","og_type":"article","og_title":"Mentions l\u00e9gales & Politique de Confidentialit\u00e9 \u203a Click&buyAuto","og_description":"Ce site web est \u00e9dit\u00e9 par :Raison sociale : ASSOCIATE &amp; MRN\u00b0 SIRET : 824 227 250Repr\u00e9sentant l\u00e9gal : Richard CLAIREDirecteur de la publication :","og_url":"https:\/\/automobile1.cloud1.sbg.meosis.fr\/clickandbuyauto\/mentions-legales-politique-confidentialite.html","og_site_name":"ClickAndBuyAuto: Achat et vente de voitures et reprise cash","article_modified_time":"2024-06-03T18:47:33+00:00","twitter_card":"summary_large_image","schema":{"@context":"https:\/\/schema.org","@graph":[{"@type":"WebPage","@id":"https:\/\/automobile1.cloud1.sbg.meosis.fr\/clickandbuyauto\/mentions-legales-politique-confidentialite.html","url":"https:\/\/automobile1.cloud1.sbg.meosis.fr\/clickandbuyauto\/mentions-legales-politique-confidentialite.html","name":"Mentions l\u00e9gales & Politique de Confidentialit\u00e9 \u203a Click&buyAuto","isPartOf":{"@id":"https:\/\/automobile1.cloud1.sbg.meosis.fr\/clickandbuyauto\/#website"},"datePublished":"2021-02-19T11:00:18+00:00","dateModified":"2024-06-03T18:47:33+00:00","description":"Ce site web est \u00e9dit\u00e9 par :Raison sociale : ASSOCIATE &amp; MRN\u00b0 SIRET : 824 227 250Repr\u00e9sentant l\u00e9gal : Richard CLAIREDirecteur de la publication :","breadcrumb":{"@id":"https:\/\/automobile1.cloud1.sbg.meosis.fr\/clickandbuyauto\/mentions-legales-politique-confidentialite.html#breadcrumb"},"inLanguage":"fr-FR","potentialAction":[{"@type":"ReadAction","target":["https:\/\/automobile1.cloud1.sbg.meosis.fr\/clickandbuyauto\/mentions-legales-politique-confidentialite.html"]}]},{"@type":"BreadcrumbList","@id":"https:\/\/automobile1.cloud1.sbg.meosis.fr\/clickandbuyauto\/mentions-legales-politique-confidentialite.html#breadcrumb","itemListElement":[{"@type":"ListItem","position":1,"name":"Accueil","item":"https:\/\/automobile1.cloud1.sbg.meosis.fr\/clickandbuyauto\/"},{"@type":"ListItem","position":2,"name":"Mentions l\u00e9gales &#038; Politique de Confidentialit\u00e9"}]},{"@type":"WebSite","@id":"https:\/\/automobile1.cloud1.sbg.meosis.fr\/clickandbuyauto\/#website","url":"https:\/\/automobile1.cloud1.sbg.meosis.fr\/clickandbuyauto\/","name":"ClickAndBuyAuto: Achat et vente de voitures et reprise cash","description":"Franchise automobile sp\u00e9cialiste de la vente de v\u00e9hicules neufs et occasions","publisher":{"@id":"https:\/\/automobile1.cloud1.sbg.meosis.fr\/clickandbuyauto\/#organization"},"potentialAction":[{"@type":"SearchAction","target":{"@type":"EntryPoint","urlTemplate":"https:\/\/automobile1.cloud1.sbg.meosis.fr\/clickandbuyauto\/?s={search_term_string}"},"query-input":{"@type":"PropertyValueSpecification","valueRequired":true,"valueName":"search_term_string"}}],"inLanguage":"fr-FR"},{"@type":"Organization","@id":"https:\/\/automobile1.cloud1.sbg.meosis.fr\/clickandbuyauto\/#organization","name":"Click and Buy Auto","url":"https:\/\/automobile1.cloud1.sbg.meosis.fr\/clickandbuyauto\/","logo":{"@type":"ImageObject","inLanguage":"fr-FR","@id":"https:\/\/automobile1.cloud1.sbg.meosis.fr\/clickandbuyauto\/#\/schema\/logo\/image\/","url":"https:\/\/www.clickandbuyauto.fr\/wp-content\/uploads\/sites\/2\/2023\/02\/large-Copie.png","contentUrl":"https:\/\/www.clickandbuyauto.fr\/wp-content\/uploads\/sites\/2\/2023\/02\/large-Copie.png","width":5000,"height":5000,"caption":"Click and Buy Auto"},"image":{"@id":"https:\/\/automobile1.cloud1.sbg.meosis.fr\/clickandbuyauto\/#\/schema\/logo\/image\/"}}]}},"_links":{"self":[{"href":"https:\/\/automobile1.cloud1.sbg.meosis.fr\/clickandbuyauto\/wp-json\/wp\/v2\/pages\/17","targetHints":{"allow":["GET"]}}],"collection":[{"href":"https:\/\/automobile1.cloud1.sbg.meosis.fr\/clickandbuyauto\/wp-json\/wp\/v2\/pages"}],"about":[{"href":"https:\/\/automobile1.cloud1.sbg.meosis.fr\/clickandbuyauto\/wp-json\/wp\/v2\/types\/page"}],"author":[{"embeddable":true,"href":"https:\/\/automobile1.cloud1.sbg.meosis.fr\/clickandbuyauto\/wp-json\/wp\/v2\/users\/1"}],"replies":[{"embeddable":true,"href":"https:\/\/automobile1.cloud1.sbg.meosis.fr\/clickandbuyauto\/wp-json\/wp\/v2\/comments?post=17"}],"version-history":[{"count":0,"href":"https:\/\/automobile1.cloud1.sbg.meosis.fr\/clickandbuyauto\/wp-json\/wp\/v2\/pages\/17\/revisions"}],"wp:attachment":[{"href":"https:\/\/automobile1.cloud1.sbg.meosis.fr\/clickandbuyauto\/wp-json\/wp\/v2\/media?parent=17"}],"curies":[{"name":"wp","href":"https:\/\/api.w.org\/{rel}","templated":true}]}}